{"id":56,"date":"2023-01-19T13:54:54","date_gmt":"2023-01-19T13:54:54","guid":{"rendered":"https:\/\/2ci-pcs.ubi.pt\/?page_id=56"},"modified":"2023-05-29T14:29:32","modified_gmt":"2023-05-29T14:29:32","slug":"elementor-56","status":"publish","type":"page","link":"https:\/\/2ci-pcs.ubi.pt\/?page_id=56","title":{"rendered":"PROGRAMA"},"content":{"rendered":"\t\t<div data-elementor-type=\"wp-page\" data-elementor-id=\"56\" class=\"elementor elementor-56\">\n\t\t\t\t\t\t\t\t\t<section class=\"elementor-section elementor-top-section elementor-element elementor-element-7c95c9b elementor-section-boxed elementor-section-height-default elementor-section-height-default\" data-id=\"7c95c9b\" data-element_type=\"section\">\n\t\t\t\t\t\t<div class=\"elementor-container elementor-column-gap-default\">\n\t\t\t\t\t<div class=\"elementor-column elementor-col-100 elementor-top-column elementor-element elementor-element-5a0a62f\" data-id=\"5a0a62f\" data-element_type=\"column\">\n\t\t\t<div class=\"elementor-widget-wrap elementor-element-populated\">\n\t\t\t\t\t\t\t\t<div class=\"elementor-element elementor-element-9d5ed4c elementor-widget elementor-widget-heading\" data-id=\"9d5ed4c\" data-element_type=\"widget\" data-widget_type=\"heading.default\">\n\t\t\t\t<div class=\"elementor-widget-container\">\n\t\t\t<style>\/*! elementor - v3.10.1 - 17-01-2023 *\/\n.elementor-heading-title{padding:0;margin:0;line-height:1}.elementor-widget-heading .elementor-heading-title[class*=elementor-size-]>a{color:inherit;font-size:inherit;line-height:inherit}.elementor-widget-heading .elementor-heading-title.elementor-size-small{font-size:15px}.elementor-widget-heading .elementor-heading-title.elementor-size-medium{font-size:19px}.elementor-widget-heading .elementor-heading-title.elementor-size-large{font-size:29px}.elementor-widget-heading .elementor-heading-title.elementor-size-xl{font-size:39px}.elementor-widget-heading .elementor-heading-title.elementor-size-xxl{font-size:59px}<\/style><h2 class=\"elementor-heading-title elementor-size-default\"><font style=\"vertical-align: inherit;\"><font style=\"vertical-align: inherit;\"><font style=\"vertical-align: inherit;\"><font style=\"vertical-align: inherit;\"><font style=\"vertical-align: inherit;\"><font style=\"vertical-align: inherit;\"><font style=\"vertical-align: inherit;\"><font style=\"vertical-align: inherit;\">PROGRAMA<\/font><\/font><\/font><\/font><\/font><\/font><\/font><\/font><font style=\"vertical-align: inherit;\"><font style=\"vertical-align: inherit;\"><font style=\"vertical-align: inherit;\"><font style=\"vertical-align: inherit;\"><font style=\"vertical-align: inherit;\"><font style=\"vertical-align: inherit;\"> CIENT\u00cdFICO<\/font><\/font><\/font><\/font><\/font><\/font><font style=\"vertical-align: inherit;\"><font style=\"vertical-align: inherit;\"><\/font><\/font><\/h2>\t\t<\/div>\n\t\t\t\t<\/div>\n\t\t\t\t\t<\/div>\n\t\t<\/div>\n\t\t\t\t\t\t\t<\/div>\n\t\t<\/section>\n\t\t\t\t<section class=\"elementor-section elementor-top-section elementor-element elementor-element-5d10a9b elementor-section-boxed elementor-section-height-default elementor-section-height-default\" data-id=\"5d10a9b\" data-element_type=\"section\">\n\t\t\t\t\t\t<div class=\"elementor-container elementor-column-gap-default\">\n\t\t\t\t\t<div class=\"elementor-column elementor-col-100 elementor-top-column elementor-element elementor-element-c328e13\" data-id=\"c328e13\" data-element_type=\"column\">\n\t\t\t<div class=\"elementor-widget-wrap elementor-element-populated\">\n\t\t\t\t\t\t\t\t<div class=\"elementor-element elementor-element-93824a2 elementor-invisible elementor-widget elementor-widget-button\" data-id=\"93824a2\" data-element_type=\"widget\" data-settings=\"{&quot;_animation&quot;:&quot;rotateIn&quot;}\" data-widget_type=\"button.default\">\n\t\t\t\t<div class=\"elementor-widget-container\">\n\t\t\t\t\t<div class=\"elementor-button-wrapper\">\n\t\t\t<a href=\"https:\/\/2ci-pcs.ubi.pt\/wp-content\/uploads\/2023\/05\/Programa-Cienti\u0301fico.2asCI_links.pdf\" target=\"_blank\" class=\"elementor-button-link elementor-button elementor-size-sm\" role=\"button\">\n\t\t\t\t\t\t<span class=\"elementor-button-content-wrapper\">\n\t\t\t\t\t\t<span class=\"elementor-button-text\">VER PROGRAMA AQUI<\/span>\n\t\t<\/span>\n\t\t\t\t\t<\/a>\n\t\t<\/div>\n\t\t\t\t<\/div>\n\t\t\t\t<\/div>\n\t\t\t\t\t<\/div>\n\t\t<\/div>\n\t\t\t\t\t\t\t<\/div>\n\t\t<\/section>\n\t\t\t\t<section class=\"elementor-section elementor-top-section elementor-element elementor-element-7efaca0 elementor-section-boxed elementor-section-height-default elementor-section-height-default\" data-id=\"7efaca0\" data-element_type=\"section\">\n\t\t\t\t\t\t<div class=\"elementor-container elementor-column-gap-default\">\n\t\t\t\t\t<div class=\"elementor-column elementor-col-100 elementor-top-column elementor-element elementor-element-af565a9\" data-id=\"af565a9\" data-element_type=\"column\">\n\t\t\t<div class=\"elementor-widget-wrap elementor-element-populated\">\n\t\t\t\t\t\t\t\t<div class=\"elementor-element elementor-element-a39924b elementor-widget elementor-widget-text-editor\" data-id=\"a39924b\" data-element_type=\"widget\" data-widget_type=\"text-editor.default\">\n\t\t\t\t<div class=\"elementor-widget-container\">\n\t\t\t<style>\/*! elementor - v3.10.1 - 17-01-2023 *\/\n.elementor-widget-text-editor.elementor-drop-cap-view-stacked .elementor-drop-cap{background-color:#818a91;color:#fff}.elementor-widget-text-editor.elementor-drop-cap-view-framed .elementor-drop-cap{color:#818a91;border:3px solid;background-color:transparent}.elementor-widget-text-editor:not(.elementor-drop-cap-view-default) .elementor-drop-cap{margin-top:8px}.elementor-widget-text-editor:not(.elementor-drop-cap-view-default) .elementor-drop-cap-letter{width:1em;height:1em}.elementor-widget-text-editor .elementor-drop-cap{float:left;text-align:center;line-height:1;font-size:50px}.elementor-widget-text-editor .elementor-drop-cap-letter{display:inline-block}<\/style>\t\t\t\t\t\t\t\t\t\t<\/div>\n\t\t\t\t<\/div>\n\t\t\t\t\t<\/div>\n\t\t<\/div>\n\t\t\t\t\t\t\t<\/div>\n\t\t<\/section>\n\t\t\t\t<section class=\"elementor-section elementor-top-section elementor-element elementor-element-3f05b10 elementor-section-boxed elementor-section-height-default elementor-section-height-default\" data-id=\"3f05b10\" data-element_type=\"section\">\n\t\t\t\t\t\t<div class=\"elementor-container elementor-column-gap-default\">\n\t\t\t\t\t<div class=\"elementor-column elementor-col-100 elementor-top-column elementor-element elementor-element-683ce16 elementor-invisible\" data-id=\"683ce16\" data-element_type=\"column\" data-settings=\"{&quot;animation&quot;:&quot;fadeInRight&quot;}\">\n\t\t\t<div class=\"elementor-widget-wrap elementor-element-populated\">\n\t\t\t\t\t\t\t\t<div class=\"elementor-element elementor-element-b0f9b44 elementor-widget elementor-widget-heading\" data-id=\"b0f9b44\" data-element_type=\"widget\" data-widget_type=\"heading.default\">\n\t\t\t\t<div class=\"elementor-widget-container\">\n\t\t\t<h2 class=\"elementor-heading-title elementor-size-default\">Confer\u00eancias plen\u00e1rias<\/h2>\t\t<\/div>\n\t\t\t\t<\/div>\n\t\t\t\t\t<\/div>\n\t\t<\/div>\n\t\t\t\t\t\t\t<\/div>\n\t\t<\/section>\n\t\t\t\t<section class=\"elementor-section elementor-top-section elementor-element elementor-element-2ea1b85 elementor-section-boxed elementor-section-height-default elementor-section-height-default\" data-id=\"2ea1b85\" data-element_type=\"section\">\n\t\t\t\t\t\t<div class=\"elementor-container elementor-column-gap-default\">\n\t\t\t\t\t<div class=\"elementor-column elementor-col-100 elementor-top-column elementor-element elementor-element-ad4e306\" data-id=\"ad4e306\" data-element_type=\"column\">\n\t\t\t<div class=\"elementor-widget-wrap elementor-element-populated\">\n\t\t\t\t\t\t\t\t<div class=\"elementor-element elementor-element-90c3502 elementor-invisible elementor-widget elementor-widget-text-editor\" data-id=\"90c3502\" data-element_type=\"widget\" data-settings=\"{&quot;_animation&quot;:&quot;fadeInRight&quot;}\" data-widget_type=\"text-editor.default\">\n\t\t\t\t<div class=\"elementor-widget-container\">\n\t\t\t\t\t\t\t<h4><strong><span style=\"vertical-align: inherit;\"><span style=\"vertical-align: inherit;\">Dia 1<\/span><\/span><\/strong>\u00a0<\/h4><h4><span style=\"vertical-align: inherit;\"><span style=\"vertical-align: inherit;\">10h Professora Doutora Olha Uhryn, Professora Associada da Universidade de Lviv (Ucr\u00e2nia)\u00a0<\/span><\/span><\/h4><h4><em><span style=\"vertical-align: inherit;\"><span style=\"vertical-align: inherit;\">Aspectos psicol\u00f3gicos de pessoas que enfrentam agress\u00e3o militar contra a Ucr\u00e2nia (prov.)<\/span><\/span><\/em>\u00a0<\/h4><h4>\u00a0<\/h4><h4><span style=\"vertical-align: inherit;\"><span style=\"vertical-align: inherit;\">14h30: Professora Doutora Suely Guimar\u00e3es, Professora e Investigadora da Universidade de Bras\u00edlia (Brasil)\u00a0<\/span><\/span><\/h4><h4><em><span style=\"vertical-align: inherit;\"><span style=\"vertical-align: inherit;\">A Sa\u00fade do Psic\u00f3logo Frente a Demanda Hospitalar Durante e Ap\u00f3s o Pico Pand\u00eamico<\/span><\/span><\/em>\u00a0<\/h4><h4>\u00a0<\/h4><h4><strong><span style=\"vertical-align: inherit;\"><span style=\"vertical-align: inherit;\">Dia 2<\/span><\/span><\/strong>\u00a0<\/h4><h4><span style=\"vertical-align: inherit;\"><span style=\"vertical-align: inherit;\">10h00: Professor Doutor Jo\u00e3o Mar\u00f4co, Professor Catedr\u00e1tico do ISPA-Instituto Universit\u00e1rio (Portugal)\u00a0<\/span><\/span><\/h4><h4><em><span style=\"vertical-align: inherit;\"><span style=\"vertical-align: inherit;\">O uso de vari\u00e1veis \u200b\u200blatentes em Investiga\u00e7\u00e3o em Psicologia<\/span><\/span><\/em>\u00a0<\/h4><h4>\u00a0<\/h4><h4><span style=\"vertical-align: inherit;\"><span style=\"vertical-align: inherit;\">14h00: Professor Doutor David Neto, Professor Auxiliar do ISPA-Instituto Universit\u00e1rio (Portugal)\u00a0<\/span><\/span><\/h4><h4><em><span style=\"vertical-align: inherit;\"><span style=\"vertical-align: inherit;\">Desafios na \u00e1rea da sa\u00fade mental: A resposta diferenciada da psicologia<\/span><\/span><\/em><\/h4><h4>\u00a0<\/h4>\t\t\t\t\t\t<\/div>\n\t\t\t\t<\/div>\n\t\t\t\t\t<\/div>\n\t\t<\/div>\n\t\t\t\t\t\t\t<\/div>\n\t\t<\/section>\n\t\t\t\t<section class=\"elementor-section elementor-top-section elementor-element elementor-element-9bc66be elementor-section-boxed elementor-section-height-default elementor-section-height-default\" data-id=\"9bc66be\" data-element_type=\"section\">\n\t\t\t\t\t\t<div class=\"elementor-container elementor-column-gap-default\">\n\t\t\t\t\t<div class=\"elementor-column elementor-col-100 elementor-top-column elementor-element elementor-element-80447e7\" data-id=\"80447e7\" data-element_type=\"column\">\n\t\t\t<div class=\"elementor-widget-wrap elementor-element-populated\">\n\t\t\t\t\t\t\t\t<div class=\"elementor-element elementor-element-c582a82 elementor-invisible elementor-widget elementor-widget-text-editor\" data-id=\"c582a82\" data-element_type=\"widget\" data-settings=\"{&quot;_animation&quot;:&quot;swing&quot;}\" data-widget_type=\"text-editor.default\">\n\t\t\t\t<div class=\"elementor-widget-container\">\n\t\t\t\t\t\t\t<h4 class=\"x_elementToProof\"><strong class=\"x_ContentPasted0\"><span style=\"vertical-align: inherit;\"><span style=\"vertical-align: inherit;\"><span style=\"vertical-align: inherit;\"><span style=\"vertical-align: inherit;\">Modalidades\u00a0<\/span><\/span><\/span><\/span><\/strong><strong class=\"x_ContentPasted0\"><br class=\"x_ContentPasted0\" aria-hidden=\"true\" \/><\/strong><\/h4><h4 class=\"x_elementToProof\"><strong class=\"x_ContentPasted0\"><span style=\"vertical-align: inherit;\"><span style=\"vertical-align: inherit;\"><span style=\"vertical-align: inherit;\"><span style=\"vertical-align: inherit;\">Evento h\u00edbrido<\/span><\/span><\/span><\/span><\/strong><\/h4>\t\t\t\t\t\t<\/div>\n\t\t\t\t<\/div>\n\t\t\t\t\t<\/div>\n\t\t<\/div>\n\t\t\t\t\t\t\t<\/div>\n\t\t<\/section>\n\t\t\t\t\t\t\t<\/div>\n\t\t","protected":false},"excerpt":{"rendered":"<p>PROGRAMA CIENT\u00cdFICO VER PROGRAMA AQUI Confer\u00eancias plen\u00e1rias Dia 1\u00a0 10h Professora Doutora Olha Uhryn, Professora Associada da Universidade de Lviv (Ucr\u00e2nia)\u00a0 Aspectos psicol\u00f3gicos de pessoas que enfrentam agress\u00e3o militar contra a Ucr\u00e2nia (prov.)\u00a0 \u00a0 14h30: Professora Doutora Suely Guimar\u00e3es, Professora e Investigadora da Universidade de Bras\u00edlia (Brasil)\u00a0 A Sa\u00fade do Psic\u00f3logo Frente a Demanda Hospitalar&#8230;<\/p>\n<p class=\"more-link\"><a href=\"https:\/\/2ci-pcs.ubi.pt\/?page_id=56\"><span>Read More<\/span><i>&#43;<\/i><\/a><\/p>\n","protected":false},"author":1,"featured_media":0,"parent":0,"menu_order":0,"comment_status":"closed","ping_status":"closed","template":"","meta":{"footnotes":""},"class_list":["post-56","page","type-page","status-publish","hentry"],"_links":{"self":[{"href":"https:\/\/2ci-pcs.ubi.pt\/index.php?rest_route=\/wp\/v2\/pages\/56","targetHints":{"allow":["GET"]}}],"collection":[{"href":"https:\/\/2ci-pcs.ubi.pt\/index.php?rest_route=\/wp\/v2\/pages"}],"about":[{"href":"https:\/\/2ci-pcs.ubi.pt\/index.php?rest_route=\/wp\/v2\/types\/page"}],"author":[{"embeddable":true,"href":"https:\/\/2ci-pcs.ubi.pt\/index.php?rest_route=\/wp\/v2\/users\/1"}],"replies":[{"embeddable":true,"href":"https:\/\/2ci-pcs.ubi.pt\/index.php?rest_route=%2Fwp%2Fv2%2Fcomments&post=56"}],"version-history":[{"count":47,"href":"https:\/\/2ci-pcs.ubi.pt\/index.php?rest_route=\/wp\/v2\/pages\/56\/revisions"}],"predecessor-version":[{"id":466,"href":"https:\/\/2ci-pcs.ubi.pt\/index.php?rest_route=\/wp\/v2\/pages\/56\/revisions\/466"}],"wp:attachment":[{"href":"https:\/\/2ci-pcs.ubi.pt\/index.php?rest_route=%2Fwp%2Fv2%2Fmedia&parent=56"}],"curies":[{"name":"wp","href":"https:\/\/api.w.org\/{rel}","templated":true}]}}